{"id":4336,"date":"2024-01-10T13:46:28","date_gmt":"2024-01-10T10:46:28","guid":{"rendered":"https:\/\/iicbarcellona.esteri.it\/lingua-e-cultura\/certificazioni\/condizioni-pagamento-esame\/"},"modified":"2024-01-10T16:56:44","modified_gmt":"2024-01-10T13:56:44","slug":"condizioni-pagamento-esame","status":"publish","type":"page","link":"https:\/\/iicbarcellona.esteri.it\/ca\/lingua-e-cultura\/certificazioni\/condizioni-pagamento-esame\/","title":{"rendered":"Termes i condicions de pagament de la taxa d&#8217;inscripci\u00f3 a un examen de certificaci\u00f3 d&#8217;itali\u00e0"},"content":{"rendered":"<ul>\n<li>L&#8217;interessat declara ser major de 18 anys (en cas contrari, el pagament el realitzar\u00e0 un dels seus pares o tutor legal).<\/li>\n<li>L&#8217;import de la taxa d\u2019examen s&#8217;abonar\u00e0 en un \u00fanic pagament. No s&#8217;accepten pagaments per a compte ni bestretes.<\/li>\n<li>L&#8217;import de la taxa d\u2019examen no \u00e9s reemborsable en cap cas. El candidat que resulti absent a la convocat\u00f2ria per motius de salut, si disposa d&#8217;un certificat m\u00e8dic, podr\u00e0 presentar-se \u00fanicament a la convocat\u00f2ria d&#8217;examen immediatament successiva amb reserva del pagament de la taxa.<\/li>\n<li>La inscripci\u00f3 a una convocat\u00f2ria d&#8217;examen no est\u00e0 vinculada en cap cas a l&#8217;assist\u00e8ncia a un curs d&#8217;itali\u00e0 o a un curs de preparaci\u00f3 CELI, tots dos oferts per l\u2019IIC.<\/li>\n<li>L&#8217;elecci\u00f3 del nivell a certificar \u00e9s responsabilitat exclusiva del candidat.<\/li>\n<\/ul>\n<p>Per a con\u00e8ixer el reglament complet, altres informacions i requisits, consulteu el Reglament CELI, disponible en el seg\u00fcent enlla\u00e7 : <a href=\"http:\/\/www.cvcl.it\/categorie\/categoria-196?explicit=SI\">http:\/\/www.cvcl.it\/categorie\/categoria-196?explicit=SI<\/a><\/p>\n","protected":false},"excerpt":{"rendered":"L&#8217;interessat declara ser major de 18 anys (en cas contrari, el pagament el realitzar\u00e0 un dels seus pares o tutor legal). L&#8217;import de la taxa d\u2019examen s&#8217;abonar\u00e0 en un \u00fanic pagament. No s&#8217;accepten pagaments per a compte ni bestretes. L&#8217;import de la taxa d\u2019examen no \u00e9s reemborsable en cap cas. El candidat que resulti absent [&hellip;]","protected":false},"author":5,"featured_media":0,"parent":94,"menu_order":0,"comment_status":"closed","ping_status":"closed","template":"","meta":{"footnotes":""},"class_list":["post-4336","page","type-page","status-publish","hentry"],"_links":{"self":[{"href":"https:\/\/iicbarcellona.esteri.it\/ca\/wp-json\/wp\/v2\/pages\/4336","targetHints":{"allow":["GET"]}}],"collection":[{"href":"https:\/\/iicbarcellona.esteri.it\/ca\/wp-json\/wp\/v2\/pages"}],"about":[{"href":"https:\/\/iicbarcellona.esteri.it\/ca\/wp-json\/wp\/v2\/types\/page"}],"author":[{"embeddable":true,"href":"https:\/\/iicbarcellona.esteri.it\/ca\/wp-json\/wp\/v2\/users\/5"}],"replies":[{"embeddable":true,"href":"https:\/\/iicbarcellona.esteri.it\/ca\/wp-json\/wp\/v2\/comments?post=4336"}],"version-history":[{"count":6,"href":"https:\/\/iicbarcellona.esteri.it\/ca\/wp-json\/wp\/v2\/pages\/4336\/revisions"}],"predecessor-version":[{"id":4387,"href":"https:\/\/iicbarcellona.esteri.it\/ca\/wp-json\/wp\/v2\/pages\/4336\/revisions\/4387"}],"up":[{"embeddable":true,"href":"https:\/\/iicbarcellona.esteri.it\/ca\/wp-json\/wp\/v2\/pages\/94"}],"wp:attachment":[{"href":"https:\/\/iicbarcellona.esteri.it\/ca\/wp-json\/wp\/v2\/media?parent=4336"}],"curies":[{"name":"wp","href":"https:\/\/api.w.org\/{rel}","templated":true}]}}