{"id":307,"date":"2023-06-21T17:08:08","date_gmt":"2023-06-21T14:08:08","guid":{"rendered":"https:\/\/iicbarcellona.esteri.it\/lingua-e-cultura\/i-corsi-di-lingua\/calendario\/"},"modified":"2026-03-16T14:56:52","modified_gmt":"2026-03-16T11:56:52","slug":"calendario","status":"publish","type":"page","link":"https:\/\/iicbarcellona.esteri.it\/ca\/lingua-e-cultura\/i-corsi-di-lingua\/calendario\/","title":{"rendered":"Calendari"},"content":{"rendered":"<p><a href=\"https:\/\/iicbarcellona.esteri.it\/wp-content\/uploads\/2026\/01\/Programma-Corsi-Quadrimestrali-2025-2026-2oQ-cat-60-ore.pdf\"><img loading=\"lazy\" decoding=\"async\" class=\"alignnone size-full wp-image-13571 img-fluid\" src=\"https:\/\/iicbarcellona.esteri.it\/wp-content\/uploads\/2025\/12\/Focus-Banner-Febbraio-2026-cat.jpg\" alt=\"\" width=\"1890\" height=\"378\" srcset=\"https:\/\/iicbarcellona.esteri.it\/wp-content\/uploads\/2025\/12\/Focus-Banner-Febbraio-2026-cat.jpg 1890w, https:\/\/iicbarcellona.esteri.it\/wp-content\/uploads\/2025\/12\/Focus-Banner-Febbraio-2026-cat-300x60.jpg 300w, https:\/\/iicbarcellona.esteri.it\/wp-content\/uploads\/2025\/12\/Focus-Banner-Febbraio-2026-cat-1024x205.jpg 1024w, https:\/\/iicbarcellona.esteri.it\/wp-content\/uploads\/2025\/12\/Focus-Banner-Febbraio-2026-cat-768x154.jpg 768w\" sizes=\"auto, (max-width: 1890px) 100vw, 1890px\" \/><\/a><\/p>\n<p>&nbsp;<\/p>\n<p class=\"x_MsoNormal\"><span style=\"text-decoration: underline;\"><span style=\"color: #ff0000; text-decoration: underline;\"><b>CURSOS INTENSIUS D\u2019ITALI\u00c0\u00a0\u00a0(NIVELL A1-C2)<\/b><\/span><\/span><\/p>\n<p style=\"text-align: justify;\">El IIC de Barcelona \u00e9s una instituci\u00f3 oficial sense \u00e0nim de lucre dedicada a la promoci\u00f3 de la llengua i la cultura italianes. Per aix\u00f2, garantim cursos d&#8217;itali\u00e0 de qualitat en diferents horaris, fins i tot en grups redu\u00efts.<br \/>\nEmprem estrat\u00e8gies d&#8217;ensenyament efica\u00e7os i integrades, aprofitant l&#8217;experi\u00e8ncia i la professionalitat dels nostres professors, tots natius, perqu\u00e8 l&#8217;aprenentatge sigui divertit i din\u00e0mic en un ambient agradable.<br \/>\nTamb\u00e9 oferim cursos i seminaris sobre diversos temes per a aprofundir en les habilitats dels qui ja tenen coneixements d&#8217;itali\u00e0.<br \/>\nEls estudiants poden ampliar la seva experi\u00e8ncia participant en els nombrosos esdeveniments culturals organitzats pel IIC, molts dels quals s\u00f3n gratu\u00efts o b\u00e9 ofereixen atractius descomptes, i aprofitar l&#8217;ampli cat\u00e0leg de MLOL, la primera i m\u00e9s important mediateca digital d&#8217;It\u00e0lia, a un preu convenient.<\/p>\n<p class=\"x_MsoNormal\"><span style=\"color: #ff0000;\"><strong>20 FEBRER-22 JUNY 2026<\/strong><\/span><br \/>\nCursos de 60 hores organitzats segons els nivells de compet\u00e8ncia establerts pel Marc Europeu Com\u00fa de refer\u00e8ncia per a les Lleng\u00fces.<br \/>\n<span style=\"color: #ff0000;\"><a style=\"color: #ff0000;\" href=\"https:\/\/iicbarcellona.esteri.it\/wp-content\/uploads\/2026\/01\/Programma-Corsi-Quadrimestrali-2025-2026-2oQ-cat-60-ore.pdf\"><strong>PROGRAMA INFORMATIU<\/strong><\/a><\/span><\/p>\n<p class=\"x_MsoNormal\"><a href=\"https:\/\/iicbarcellona.esteri.it\/ca\/lingua-e-cultura\/i-corsi-di-lingua\/come-iscriversi\/\" target=\"_blank\" rel=\"noopener noreferrer\"><b>Com matricular-se<\/b><\/a><\/p>\n<p class=\"x_MsoNormal\">Per a mantenir-se actualitzat, suggerim consultar peri\u00f2dicament aquesta p\u00e0gina o contactar : <b><a href=\"mailto:segreteriacorsi.iicbarcellona@esteri.it\" target=\"_blank\" rel=\"noopener noreferrer\">Secretar\u00eda de Cursos<\/a><\/b>\u00a0i\u00a0<a href=\"mailto:coordinamentocorsi.IICBarcellona@esteri.it\" target=\"_blank\" rel=\"noopener noreferrer\"><b>Coordinaci\u00f3 de Cursos<\/b><\/a><\/p>\n<hr \/>\n<p><span style=\"color: #666699;\"><em>A causa d&#8217;importants obres de reforma en les nostres instal\u00b7lacions, que comen\u00e7aran al febrer,<\/em><\/span><br \/>\n<span style=\"color: #666699;\"><em>podria verificar-se que unes poques classes a principi quadrimestre s&#8217;hagin de donar a dist\u00e0ncia (en mode sincr\u00f2nic).<\/em><\/span><br \/>\n<span style=\"color: #666699;\"><em>El IIC es compromet a informar els inscrits dels cursos afectats de qualsevol canvi amb la major antelaci\u00f3 possible.<\/em><\/span><\/p>\n<hr \/>\n<p>&nbsp;<\/p>\n<ul>\n<li>\u00a0<strong><u>EX\u00c0MENS DE CERTIFICACI\u00d3 LING\u00dc\u00cdSTICA<\/u><\/strong><\/li>\n<\/ul>\n<p>Per a informaci\u00f3 referent els ex\u00e0mens de certificaci\u00f3 ling\u00fc\u00edstica, podeu consultar el seguent <a href=\"https:\/\/iicbarcellona.esteri.it\/iic_barcellona\/ca\/imparare_italiano\/certificazioni\/\" target=\"_blank\" rel=\"noopener\"><strong>ENLLA\u00c7<\/strong><\/a><\/p>\n","protected":false},"excerpt":{"rendered":"&nbsp; CURSOS INTENSIUS D\u2019ITALI\u00c0\u00a0\u00a0(NIVELL A1-C2) El IIC de Barcelona \u00e9s una instituci\u00f3 oficial sense \u00e0nim de lucre dedicada a la promoci\u00f3 de la llengua i la cultura italianes. Per aix\u00f2, garantim cursos d&#8217;itali\u00e0 de qualitat en diferents horaris, fins i tot en grups redu\u00efts. Emprem estrat\u00e8gies d&#8217;ensenyament efica\u00e7os i integrades, aprofitant l&#8217;experi\u00e8ncia i la professionalitat [&hellip;]","protected":false},"author":3,"featured_media":0,"parent":90,"menu_order":0,"comment_status":"closed","ping_status":"closed","template":"","meta":{"footnotes":""},"class_list":["post-307","page","type-page","status-publish","hentry"],"_links":{"self":[{"href":"https:\/\/iicbarcellona.esteri.it\/ca\/wp-json\/wp\/v2\/pages\/307","targetHints":{"allow":["GET"]}}],"collection":[{"href":"https:\/\/iicbarcellona.esteri.it\/ca\/wp-json\/wp\/v2\/pages"}],"about":[{"href":"https:\/\/iicbarcellona.esteri.it\/ca\/wp-json\/wp\/v2\/types\/page"}],"author":[{"embeddable":true,"href":"https:\/\/iicbarcellona.esteri.it\/ca\/wp-json\/wp\/v2\/users\/3"}],"replies":[{"embeddable":true,"href":"https:\/\/iicbarcellona.esteri.it\/ca\/wp-json\/wp\/v2\/comments?post=307"}],"version-history":[{"count":8,"href":"https:\/\/iicbarcellona.esteri.it\/ca\/wp-json\/wp\/v2\/pages\/307\/revisions"}],"predecessor-version":[{"id":15145,"href":"https:\/\/iicbarcellona.esteri.it\/ca\/wp-json\/wp\/v2\/pages\/307\/revisions\/15145"}],"up":[{"embeddable":true,"href":"https:\/\/iicbarcellona.esteri.it\/ca\/wp-json\/wp\/v2\/pages\/90"}],"wp:attachment":[{"href":"https:\/\/iicbarcellona.esteri.it\/ca\/wp-json\/wp\/v2\/media?parent=307"}],"curies":[{"name":"wp","href":"https:\/\/api.w.org\/{rel}","templated":true}]}}