{"id":250,"date":"2023-06-30T13:38:16","date_gmt":"2023-06-30T10:38:16","guid":{"rendered":"https:\/\/iicbarcellona.esteri.it\/lingua-e-cultura\/i-corsi-di-lingua\/come-iscriversi\/termini-e-condizioni\/"},"modified":"2025-12-23T18:08:12","modified_gmt":"2025-12-23T15:08:12","slug":"termini-e-condizioni","status":"publish","type":"page","link":"https:\/\/iicbarcellona.esteri.it\/ca\/lingua-e-cultura\/i-corsi-di-lingua\/come-iscriversi\/termini-e-condizioni\/","title":{"rendered":"Termes i condicions d&#8217;inscripci\u00f3 a cursos o seminaris de l&#8217;Institut Itali\u00e0 de Cultura de Barcelona"},"content":{"rendered":"<p style=\"text-align: justify;\">L&#8217;interessat declara ser major de 18 anys (en cas contrari, el pagament ser\u00e0 realitzat per un dels seus pares o tutor legal).<br \/>\nPer a realitzar els cursos en modalitat en l\u00ednia, l&#8217;inscrit autoritza l\u2019IIC a comunicar el seu correu electr\u00f2nic al professor.<br \/>\nL&#8217;import del curs s&#8217;abonar\u00e0 en un \u00fanic pagament. No acceptem pagaments a compte ni bestretes.<br \/>\nEl cost del manual no est\u00e0 incl\u00f2s en el preu del curs.<br \/>\nUn curs s&#8217;activar\u00e0 si en finalitzar el termini d&#8217;inscripci\u00f3 s&#8217;ha aconseguit el nombre m\u00ednim de participants.<br \/>\nEl nombre m\u00e0xim d&#8217;alumnes per classe ser\u00e0 de 12 persones en cursos en l\u00ednia i de 15 persones en cursos presencials (en casos excepcionals el n\u00famero podr\u00e0 incrementar-se en 1-2 unitats), m\u00e0xim 10 persones per als cursos de conversa.<br \/>\nLa devoluci\u00f3 de l&#8217;import del curs est\u00e0 prevista nom\u00e9s si la classe no s&#8217;aconsegueix formar, i l&#8217;inscrit no pot optar per un altre horari.<br \/>\nL\u2019Institut es reserva el dret de fer canvis o modificacions de calendari, horari i\/o professorat per necessitats del servei.<\/p>\n<hr \/>\n<p style=\"text-align: justify;\"><span style=\"color: #666699;\"><strong><em>Per al proper quadrimestre, informem que l\u2019Institut Itali\u00e0 de Cultura est\u00e0 millorant la comoditat de les aules i els espais comuns.<\/em><\/strong><\/span><br \/>\n<span style=\"color: #666699;\"><strong><em>A causa d&#8217;importants obres de reforma en les nostres instal\u00b7lacions, que comen\u00e7aran al febrer,<\/em><\/strong><\/span><br \/>\n<span style=\"color: #666699;\"><strong><em>podria verificar-se que unes poques classes a principi quadrimestre s&#8217;hagin de donar a dist\u00e0ncia (en mode sincr\u00f2nic).<\/em><\/strong><\/span><br \/>\n<span style=\"color: #666699;\"><strong><em>El IIC es compromet a informar els inscrits dels cursos afectats de qualsevol canvi amb la major antelaci\u00f3 possible.<\/em><\/strong><\/span><\/p>\n<hr \/>\n<p style=\"text-align: justify;\">Una vegada finalitzat el proc\u00e9s de pagament, el sistema genera autom\u00e0ticament un correu electr\u00f2nic de confirmaci\u00f3, que acredita la correcta inscripci\u00f3.<br \/>\nLa secretaria del curs comprova i registra les inscripcions per ordre d&#8217;arribada.<br \/>\nQuan s\u2019hagin esgotat el nombre de places disponibles per a cada classe, el curs es donar\u00e0 per tancat i els noms dels interessats es col\u00b7locaran en llista d&#8217;espera.<br \/>\nEn inscriure&#8217;s en el curs, l&#8217;alumne accepta autom\u00e0ticament rebre el butllet\u00ed de l\u2019IIC en l&#8217;adre\u00e7a de correu electr\u00f2nic proporcionada, amb la finalitat d&#8217;estar informat sobre la programaci\u00f3 cultural i les activitats de l&#8217;Institut.<br \/>\nPot revocar el seu registre en qualsevol moment enviant un correu electr\u00f2nic de ren\u00fancia a iicbarcellona@esteri.it<\/p>\n","protected":false},"excerpt":{"rendered":"L&#8217;interessat declara ser major de 18 anys (en cas contrari, el pagament ser\u00e0 realitzat per un dels seus pares o tutor legal). Per a realitzar els cursos en modalitat en l\u00ednia, l&#8217;inscrit autoritza l\u2019IIC a comunicar el seu correu electr\u00f2nic al professor. L&#8217;import del curs s&#8217;abonar\u00e0 en un \u00fanic pagament. No acceptem pagaments a compte [&hellip;]","protected":false},"author":5,"featured_media":0,"parent":244,"menu_order":0,"comment_status":"closed","ping_status":"closed","template":"","meta":{"footnotes":""},"class_list":["post-250","page","type-page","status-publish","hentry"],"_links":{"self":[{"href":"https:\/\/iicbarcellona.esteri.it\/ca\/wp-json\/wp\/v2\/pages\/250","targetHints":{"allow":["GET"]}}],"collection":[{"href":"https:\/\/iicbarcellona.esteri.it\/ca\/wp-json\/wp\/v2\/pages"}],"about":[{"href":"https:\/\/iicbarcellona.esteri.it\/ca\/wp-json\/wp\/v2\/types\/page"}],"author":[{"embeddable":true,"href":"https:\/\/iicbarcellona.esteri.it\/ca\/wp-json\/wp\/v2\/users\/5"}],"replies":[{"embeddable":true,"href":"https:\/\/iicbarcellona.esteri.it\/ca\/wp-json\/wp\/v2\/comments?post=250"}],"version-history":[{"count":6,"href":"https:\/\/iicbarcellona.esteri.it\/ca\/wp-json\/wp\/v2\/pages\/250\/revisions"}],"predecessor-version":[{"id":13601,"href":"https:\/\/iicbarcellona.esteri.it\/ca\/wp-json\/wp\/v2\/pages\/250\/revisions\/13601"}],"up":[{"embeddable":true,"href":"https:\/\/iicbarcellona.esteri.it\/ca\/wp-json\/wp\/v2\/pages\/244"}],"wp:attachment":[{"href":"https:\/\/iicbarcellona.esteri.it\/ca\/wp-json\/wp\/v2\/media?parent=250"}],"curies":[{"name":"wp","href":"https:\/\/api.w.org\/{rel}","templated":true}]}}