{"id":244,"date":"2023-06-21T17:15:54","date_gmt":"2023-06-21T14:15:54","guid":{"rendered":"https:\/\/iicbarcellona.esteri.it\/lingua-e-cultura\/i-corsi-di-lingua\/come-iscriversi\/"},"modified":"2025-03-26T16:47:08","modified_gmt":"2025-03-26T13:47:08","slug":"come-iscriversi","status":"publish","type":"page","link":"https:\/\/iicbarcellona.esteri.it\/ca\/lingua-e-cultura\/i-corsi-di-lingua\/come-iscriversi\/","title":{"rendered":"Com matricular-se"},"content":{"rendered":"<div>\n<ul>\n<li><span style=\"color: #0000ff;\"><a style=\"color: #0000ff;\" href=\"https:\/\/iicbarcellona.esteri.it\/ca\/lingua-e-cultura\/i-corsi-di-lingua\/calendario\/\"><strong>CALENDARI<\/strong><\/a><\/span><\/li>\n<\/ul>\n<p>Cliqueu per a consultar el calendari dels propers cursos.<\/p>\n<p>&nbsp;<\/p>\n<ul>\n<li><span style=\"color: #0000ff;\"><strong>COM\u00a0MATRICULAR-SE<\/strong><\/span><\/li>\n<\/ul>\n<p>Fes clic\u00a0<a href=\"https:\/\/icbl.eduplanweb.it\/courses\/#\/corsi-in-partenza\"><strong>aqu\u00ed<\/strong><\/a>\u00a0per a matricular-te online als nostres cursos d&#8217;itali\u00e0, cursos de conversa i cursos especials de cultura italiana. El procediment \u00e9s guiat i molt senzill i r\u00e0pid, nom\u00e9s heu de seguir les instruccions.<\/p>\n<p>Per a qualsevol aclariment, escriviu a :\u00a0<strong><a href=\"mailto:segreteriacorsi.iicbarcellona@esteri.it\">segreteriacorsi.iicbarcellona@esteri.it<\/a><\/strong><\/p>\n<p>&nbsp;<\/p>\n<ul>\n<li><span style=\"color: #0000ff;\"><a style=\"color: #0000ff;\" href=\"https:\/\/iicbarcellona.esteri.it\/ca\/lingua-e-cultura\/i-corsi-di-lingua\/come-iscriversi\/termini-e-condizioni\/\"><strong>TERMES I CONDICIONS D\u2019INSCRIPCI\u00d3<\/strong><\/a><\/span><\/li>\n<\/ul>\n<p>Cliqueu per consultar els termes i condicions d\u2019inscripci\u00f3.<\/p>\n<p>&nbsp;<\/p>\n<ul>\n<li><span style=\"color: #0000ff;\"><strong>PROVA D\u2019INGR\u00c8S. NOM\u00c9S PER A INSCRIURE&#8217;S A CURSOS POSTERIORS A L&#8217;A1 (PRINCIPIANTS)<\/strong><\/span><\/li>\n<\/ul>\n<p><strong>La prova t\u00e9 un prop\u00f2sit orientatiu, i en cap cas constitueix una certificaci\u00f3 d&#8217;un nivell de coneixement de l&#8217;itali\u00e0.<\/strong><\/p>\n<p>\u00c9s gratu\u00eft i consta d&#8217;una entrevista individual i una prova escrita, amb una durada total de 15-20 minuts. Es poden realitzar presencialment o a distancia.<\/p>\n<p>Qui ha de realitzar la prova d&#8217;acc\u00e9s:<\/p>\n<ul>\n<li>Qui es matricula per primera vegada en els cursos de l\u2019IIC, per\u00f2 ja hagi estudiat itali\u00e0 i sigui capa\u00e7 de produir textos escrits i orals.<\/li>\n<li>Qui hagi estat matriculat en els cursos del IIC en el passat, per\u00f2 no hagi assistit durant m\u00e9s d&#8217;un any.<\/li>\n<\/ul>\n<p>Per a sol\u00b7licitar la prova d&#8217;acc\u00e9s, podeu escriure a:\u00a0<a href=\"mailto:coordinamentocorsi.iicbarcellona@esteri.it\"><strong>coordinamentocorsi.iicbarcellona@esteri.it<\/strong><\/a>, indicant el vostre n\u00famero de tel\u00e8fon.<\/p>\n<\/div>\n<p>&nbsp;<\/p>\n<ul>\n<li><span style=\"color: #0000ff;\"><strong>COM INSCRIURE&#8217;S EN UN EXAMEN DE CERTIFICACI\u00d3 LING\u00dc\u00cdSTICA<\/strong><\/span><br \/>\nConsulteu la informaci\u00f3 en el seg\u00fcent enlla\u00e7 :<br \/>\n<a href=\"https:\/\/iicbarcellona.esteri.it\/ca\/lingua-e-cultura\/certificazioni\/\">https:\/\/iicbarcellona.esteri.it\/ca\/lingua-e-cultura\/certificazioni\/<\/a><\/li>\n<\/ul>\n","protected":false},"excerpt":{"rendered":"CALENDARI Cliqueu per a consultar el calendari dels propers cursos. &nbsp; COM\u00a0MATRICULAR-SE Fes clic\u00a0aqu\u00ed\u00a0per a matricular-te online als nostres cursos d&#8217;itali\u00e0, cursos de conversa i cursos especials de cultura italiana. El procediment \u00e9s guiat i molt senzill i r\u00e0pid, nom\u00e9s heu de seguir les instruccions. Per a qualsevol aclariment, escriviu a :\u00a0segreteriacorsi.iicbarcellona@esteri.it &nbsp; TERMES I [&hellip;]","protected":false},"author":3,"featured_media":0,"parent":90,"menu_order":0,"comment_status":"closed","ping_status":"closed","template":"","meta":{"footnotes":""},"class_list":["post-244","page","type-page","status-publish","hentry"],"_links":{"self":[{"href":"https:\/\/iicbarcellona.esteri.it\/ca\/wp-json\/wp\/v2\/pages\/244","targetHints":{"allow":["GET"]}}],"collection":[{"href":"https:\/\/iicbarcellona.esteri.it\/ca\/wp-json\/wp\/v2\/pages"}],"about":[{"href":"https:\/\/iicbarcellona.esteri.it\/ca\/wp-json\/wp\/v2\/types\/page"}],"author":[{"embeddable":true,"href":"https:\/\/iicbarcellona.esteri.it\/ca\/wp-json\/wp\/v2\/users\/3"}],"replies":[{"embeddable":true,"href":"https:\/\/iicbarcellona.esteri.it\/ca\/wp-json\/wp\/v2\/comments?post=244"}],"version-history":[{"count":6,"href":"https:\/\/iicbarcellona.esteri.it\/ca\/wp-json\/wp\/v2\/pages\/244\/revisions"}],"predecessor-version":[{"id":10088,"href":"https:\/\/iicbarcellona.esteri.it\/ca\/wp-json\/wp\/v2\/pages\/244\/revisions\/10088"}],"up":[{"embeddable":true,"href":"https:\/\/iicbarcellona.esteri.it\/ca\/wp-json\/wp\/v2\/pages\/90"}],"wp:attachment":[{"href":"https:\/\/iicbarcellona.esteri.it\/ca\/wp-json\/wp\/v2\/media?parent=244"}],"curies":[{"name":"wp","href":"https:\/\/api.w.org\/{rel}","templated":true}]}}