{"id":14431,"date":"2026-02-19T14:20:33","date_gmt":"2026-02-19T11:20:33","guid":{"rendered":"https:\/\/iicbarcellona.esteri.it\/lingua-e-cultura\/i-corsi-di-lingua\/va-pensiero-corso-dintroduzione-allitaliano-per-amanti-de-lopera\/"},"modified":"2026-03-24T18:44:51","modified_gmt":"2026-03-24T15:44:51","slug":"va-pensiero-corso-dintroduzione-allitaliano-per-amanti-de-lopera","status":"publish","type":"page","link":"https:\/\/iicbarcellona.esteri.it\/ca\/lingua-e-cultura\/i-corsi-di-lingua\/va-pensiero-corso-dintroduzione-allitaliano-per-amanti-de-lopera\/","title":{"rendered":"Va, Pensiero | Curs d&#8217;introducci\u00f3 a l&#8217;itali\u00e0 per a amants de l&#8217;\u00d2pera"},"content":{"rendered":"<p><img loading=\"lazy\" decoding=\"async\" class=\"alignnone size-full wp-image-14864 img-fluid\" src=\"https:\/\/iicbarcellona.esteri.it\/wp-content\/uploads\/2026\/03\/Copia-di-Va-Pensiero-Presentazione.jpg\" alt=\"\" width=\"1920\" height=\"1080\" srcset=\"https:\/\/iicbarcellona.esteri.it\/wp-content\/uploads\/2026\/03\/Copia-di-Va-Pensiero-Presentazione.jpg 1920w, https:\/\/iicbarcellona.esteri.it\/wp-content\/uploads\/2026\/03\/Copia-di-Va-Pensiero-Presentazione-300x169.jpg 300w, https:\/\/iicbarcellona.esteri.it\/wp-content\/uploads\/2026\/03\/Copia-di-Va-Pensiero-Presentazione-1024x576.jpg 1024w, https:\/\/iicbarcellona.esteri.it\/wp-content\/uploads\/2026\/03\/Copia-di-Va-Pensiero-Presentazione-768x432.jpg 768w\" sizes=\"auto, (max-width: 1920px) 100vw, 1920px\" \/><\/p>\n<p>T\u2019agrada la m\u00fasica i vols aprendre itali\u00e0 d\u2019una manera \u00fanica i emocionant?<br \/>\nAquest curs est\u00e0 dissenyat especialment per a principiants que volen apropar-se al itali\u00e0 a trav\u00e9s d\u2019un dels seus grans tresors culturals: l\u2019\u00d2pera l\u00edrica.<br \/>\nNo necessites experi\u00e8ncia pr\u00e8via en itali\u00e0 ni en m\u00fasica! Nom\u00e9s la teva passi\u00f3 o curiositat per l\u2019\u00d2pera i el desig de compartir-la.<br \/>\nMatr\u00edcula oberta fins al 09\/03!<br \/>\nEl curs es compon de 10 lli\u00e7ons, tots els dijous des de 19 de mar\u00e7 fins al 28 de maig, a les hores 17.00-19.00.<\/p>\n<p>Per a m\u00e9s informaci\u00f3 : <a href=\"mailto:segreteriacorsi.iicbarcellona@esteri.it\">segreteriacorsi.iicbarcellona@esteri.it<\/a><\/p>\n","protected":false},"excerpt":{"rendered":"T\u2019agrada la m\u00fasica i vols aprendre itali\u00e0 d\u2019una manera \u00fanica i emocionant? Aquest curs est\u00e0 dissenyat especialment per a principiants que volen apropar-se al itali\u00e0 a trav\u00e9s d\u2019un dels seus grans tresors culturals: l\u2019\u00d2pera l\u00edrica. No necessites experi\u00e8ncia pr\u00e8via en itali\u00e0 ni en m\u00fasica! Nom\u00e9s la teva passi\u00f3 o curiositat per l\u2019\u00d2pera i el desig [&hellip;]","protected":false},"author":5,"featured_media":0,"parent":90,"menu_order":0,"comment_status":"closed","ping_status":"closed","template":"","meta":{"footnotes":""},"class_list":["post-14431","page","type-page","status-publish","hentry"],"_links":{"self":[{"href":"https:\/\/iicbarcellona.esteri.it\/ca\/wp-json\/wp\/v2\/pages\/14431","targetHints":{"allow":["GET"]}}],"collection":[{"href":"https:\/\/iicbarcellona.esteri.it\/ca\/wp-json\/wp\/v2\/pages"}],"about":[{"href":"https:\/\/iicbarcellona.esteri.it\/ca\/wp-json\/wp\/v2\/types\/page"}],"author":[{"embeddable":true,"href":"https:\/\/iicbarcellona.esteri.it\/ca\/wp-json\/wp\/v2\/users\/5"}],"replies":[{"embeddable":true,"href":"https:\/\/iicbarcellona.esteri.it\/ca\/wp-json\/wp\/v2\/comments?post=14431"}],"version-history":[{"count":6,"href":"https:\/\/iicbarcellona.esteri.it\/ca\/wp-json\/wp\/v2\/pages\/14431\/revisions"}],"predecessor-version":[{"id":15278,"href":"https:\/\/iicbarcellona.esteri.it\/ca\/wp-json\/wp\/v2\/pages\/14431\/revisions\/15278"}],"up":[{"embeddable":true,"href":"https:\/\/iicbarcellona.esteri.it\/ca\/wp-json\/wp\/v2\/pages\/90"}],"wp:attachment":[{"href":"https:\/\/iicbarcellona.esteri.it\/ca\/wp-json\/wp\/v2\/media?parent=14431"}],"curies":[{"name":"wp","href":"https:\/\/api.w.org\/{rel}","templated":true}]}}