{"id":14214,"date":"2024-11-13T18:08:01","date_gmt":"2024-11-13T15:08:01","guid":{"rendered":"https:\/\/iicbarcellona.esteri.it\/chi-siamo\/contatti\/netiquette-internet\/"},"modified":"2026-02-03T14:02:05","modified_gmt":"2026-02-03T11:02:05","slug":"netiquette-internet","status":"publish","type":"page","link":"https:\/\/iicbarcellona.esteri.it\/ca\/chi-siamo\/contatti\/netiquette-internet\/","title":{"rendered":"Netiquette Internet"},"content":{"rendered":"<p data-start=\"3351\" data-end=\"3785\">L\u2019Institut Itali\u00e0 de Cultura de Barcelona utilitza les xarxes socials (Facebook, Instagram, X i YouTube) amb finalitats institucionals per millorar la transpar\u00e8ncia i informar de manera capil\u00b7lar el p\u00fablic sobre les seves activitats, aix\u00ed com per compartir iniciatives de promoci\u00f3 i oportunitats relacionades amb la llengua i la cultura italianes, not\u00edcies del Consolat General d\u2019It\u00e0lia a Barcelona i de l\u2019Ambaixada d\u2019It\u00e0lia a Madrid.<\/p>\n<p data-start=\"3787\" data-end=\"3876\">L\u2019IIC de Barcelona informa, comunica, rep i publica continguts de car\u00e0cter institucional.<\/p>\n<p data-start=\"3878\" data-end=\"4219\">Els continguts publicats inclouen fotografies, v\u00eddeos institucionals, comunicats de premsa, informaci\u00f3 de servei, not\u00edcies sobre les activitats de la seu, not\u00edcies d\u2019It\u00e0lia, elements de la cultura italiana i oportunitats laborals. Les dades personals es tracten d\u2019acord amb la normativa vigent, la informaci\u00f3 de la qual est\u00e0 disponible aqu\u00ed.<\/p>\n<p data-start=\"4221\" data-end=\"4740\">A trav\u00e9s dels seus canals socials, aquesta seu pot compartir i republicar continguts i missatges d\u2019inter\u00e8s p\u00fablic o de servei publicats per altres usuaris. L\u2019IIC de Barcelona es compromet a gestionar espais de comunicaci\u00f3 i di\u00e0leg a trav\u00e9s dels seus comptes a les xarxes socials i demana als seus usuaris, <strong data-start=\"4527\" data-end=\"4588\">EN LA INTERACCI\u00d3 I EL DI\u00c0LEG AMB ELS CONTINGUTS PUBLICATS<\/strong>, que respectin unes normes senzilles. En particular, no es toleraran i seran eliminats, a criteri exclusiu de l\u2019administrador, els comentaris seg\u00fcents:<\/p>\n<ul data-start=\"4742\" data-end=\"5695\">\n<li data-start=\"4742\" data-end=\"4930\">\n<p data-start=\"4744\" data-end=\"4930\">insults, vulgaritats, ofenses, amenaces i, en general, actituds violentes, irrespectuoses o difamat\u00f2ries; es demana a tothom que expressi la seva opini\u00f3 amb correcci\u00f3, mesura i respecte;<\/p>\n<\/li>\n<li data-start=\"4931\" data-end=\"5000\">\n<p data-start=\"4933\" data-end=\"5000\">continguts obscens o que puguin ferir la sensibilitat dels usuaris;<\/p>\n<\/li>\n<li data-start=\"5001\" data-end=\"5084\">\n<p data-start=\"5003\" data-end=\"5084\">qualsevol forma de publicitat o promoci\u00f3 d\u2019interessos privats de qualsevol tipus;<\/p>\n<\/li>\n<li data-start=\"5085\" data-end=\"5153\">\n<p data-start=\"5087\" data-end=\"5153\">continguts enganyosos, alarmistes o que vulnerin drets de tercers;<\/p>\n<\/li>\n<li data-start=\"5154\" data-end=\"5323\">\n<p data-start=\"5156\" data-end=\"5323\">continguts discriminatoris per ra\u00f3 de g\u00e8nere, ra\u00e7a, \u00e8tnia, llengua, creences religioses, opinions pol\u00edtiques, orientaci\u00f3 sexual, edat o condicions personals i socials;<\/p>\n<\/li>\n<li data-start=\"5324\" data-end=\"5425\">\n<p data-start=\"5326\" data-end=\"5425\">continguts que vulnerin els drets d\u2019autor o que fomentin l\u2019\u00fas no autoritzat de marques registrades;<\/p>\n<\/li>\n<li data-start=\"5426\" data-end=\"5511\">\n<p data-start=\"5428\" data-end=\"5511\">continguts contraris a qualsevol norma dels ordenaments jur\u00eddics itali\u00e0 o espanyol;<\/p>\n<\/li>\n<li data-start=\"5512\" data-end=\"5695\">\n<p data-start=\"5514\" data-end=\"5695\">continguts que vulnerin la privacitat i la protecci\u00f3 de dades personals. Cal evitar refer\u00e8ncies a fets o detalls sense rellev\u00e0ncia p\u00fablica que lesionin l\u2019esfera personal de tercers.<\/p>\n<\/li>\n<\/ul>\n<p data-start=\"5697\" data-end=\"6159\">En cas d\u2019incompliment reiterat d\u2019aquestes condicions o de les pol\u00edtiques de les plataformes utilitzades, aquesta seu, d\u2019acord amb la Social Media Policy del MAECI, es reserva el dret d\u2019aplicar el <strong data-start=\"5893\" data-end=\"5900\">ban<\/strong> o el bloqueig (quan sigui possible, despr\u00e9s d\u2019un primer advertiment mitjan\u00e7ant missatge privat) per impedir noves intervencions, aix\u00ed com de comunicar-ho als responsables de la plataforma i, si escau, a les forces de l\u2019ordre o a altres inst\u00e0ncies competents.<\/p>\n<p data-start=\"6161\" data-end=\"6436\">Aquesta seu interactua amb els usuaris a trav\u00e9s dels seus perfils socials \u00fanicament per a una primera orientaci\u00f3 sobre els diferents temes. Per accedir als serveis d\u2019informaci\u00f3 i assist\u00e8ncia, es pot contactar amb la seu tal com s\u2019indica a la secci\u00f3 corresponent del lloc web.<\/p>\n<p data-start=\"6438\" data-end=\"6503\">Primera publicaci\u00f3: 01\/10\/2024 | \u00daltima actualitzaci\u00f3: 03\/02\/2026<\/p>\n","protected":false},"excerpt":{"rendered":"L\u2019Institut Itali\u00e0 de Cultura de Barcelona utilitza les xarxes socials (Facebook, Instagram, X i YouTube) amb finalitats institucionals per millorar la transpar\u00e8ncia i informar de manera capil\u00b7lar el p\u00fablic sobre les seves activitats, aix\u00ed com per compartir iniciatives de promoci\u00f3 i oportunitats relacionades amb la llengua i la cultura italianes, not\u00edcies del Consolat General d\u2019It\u00e0lia [&hellip;]","protected":false},"author":3,"featured_media":0,"parent":86,"menu_order":0,"comment_status":"closed","ping_status":"closed","template":"","meta":{"footnotes":""},"class_list":["post-14214","page","type-page","status-publish","hentry"],"_links":{"self":[{"href":"https:\/\/iicbarcellona.esteri.it\/ca\/wp-json\/wp\/v2\/pages\/14214","targetHints":{"allow":["GET"]}}],"collection":[{"href":"https:\/\/iicbarcellona.esteri.it\/ca\/wp-json\/wp\/v2\/pages"}],"about":[{"href":"https:\/\/iicbarcellona.esteri.it\/ca\/wp-json\/wp\/v2\/types\/page"}],"author":[{"embeddable":true,"href":"https:\/\/iicbarcellona.esteri.it\/ca\/wp-json\/wp\/v2\/users\/3"}],"replies":[{"embeddable":true,"href":"https:\/\/iicbarcellona.esteri.it\/ca\/wp-json\/wp\/v2\/comments?post=14214"}],"version-history":[{"count":2,"href":"https:\/\/iicbarcellona.esteri.it\/ca\/wp-json\/wp\/v2\/pages\/14214\/revisions"}],"predecessor-version":[{"id":14218,"href":"https:\/\/iicbarcellona.esteri.it\/ca\/wp-json\/wp\/v2\/pages\/14214\/revisions\/14218"}],"up":[{"embeddable":true,"href":"https:\/\/iicbarcellona.esteri.it\/ca\/wp-json\/wp\/v2\/pages\/86"}],"wp:attachment":[{"href":"https:\/\/iicbarcellona.esteri.it\/ca\/wp-json\/wp\/v2\/media?parent=14214"}],"curies":[{"name":"wp","href":"https:\/\/api.w.org\/{rel}","templated":true}]}}