{"id":110,"date":"2023-04-03T20:32:25","date_gmt":"2023-04-03T17:32:25","guid":{"rendered":"https:\/\/iicbarcellona.esteri.it\/amministrazione-trasparente\/"},"modified":"2024-12-04T18:37:01","modified_gmt":"2024-12-04T15:37:01","slug":"amministrazione-trasparente","status":"publish","type":"page","link":"https:\/\/iicbarcellona.esteri.it\/ca\/amministrazione-trasparente\/","title":{"rendered":"Administraci\u00f3 transparent"},"content":{"rendered":"<div>\n<p>Les Ambaixades, els Consolats i els Instituts Italians de Cultura constitueixen els serveis perif\u00e8rics del Ministeri d&#8217;Afers exteriors i de Cooperaci\u00f3 Internacional, que garanteix la transpar\u00e8ncia de les seves dades a trav\u00e9s de l&#8217;apartat &#8220;Administraci\u00f3 Transparent&#8221; de la p\u00e0gina web www.esteri.it.<\/p>\n<p>Les seccions d&#8217;aquesta p\u00e0gina generalment redirigeixen a les respectives seccions de la p\u00e0gina de l&#8217;Administraci\u00f3 central.<\/p>\n<p>Per a m\u00e9s informaci\u00f3, consulta la <a href=\"https:\/\/iicbarcellona.esteri.it\/it\/amministrazione-trasparente\/\">versi\u00f3 en itali\u00e0<\/a> d&#8217;aquesta p\u00e0gina.<\/p>\n<p>Vols con\u00e8ixer una mica m\u00e9s sobre les iniciatives del Govern itali\u00e0 respecte a la lluita contra la corrupci\u00f3? Consulta la p\u00e0gina web de ANAC (Autoritat nacional Anticorrupci\u00f3).<\/p>\n<\/div>\n","protected":false},"excerpt":{"rendered":"Les Ambaixades, els Consolats i els Instituts Italians de Cultura constitueixen els serveis perif\u00e8rics del Ministeri d&#8217;Afers exteriors i de Cooperaci\u00f3 Internacional, que garanteix la transpar\u00e8ncia de les seves dades a trav\u00e9s de l&#8217;apartat &#8220;Administraci\u00f3 Transparent&#8221; de la p\u00e0gina web www.esteri.it. Les seccions d&#8217;aquesta p\u00e0gina generalment redirigeixen a les respectives seccions de la p\u00e0gina de [&hellip;]","protected":false},"author":1,"featured_media":0,"parent":0,"menu_order":10,"comment_status":"closed","ping_status":"closed","template":"","meta":{"footnotes":""},"class_list":["post-110","page","type-page","status-publish","hentry"],"_links":{"self":[{"href":"https:\/\/iicbarcellona.esteri.it\/ca\/wp-json\/wp\/v2\/pages\/110","targetHints":{"allow":["GET"]}}],"collection":[{"href":"https:\/\/iicbarcellona.esteri.it\/ca\/wp-json\/wp\/v2\/pages"}],"about":[{"href":"https:\/\/iicbarcellona.esteri.it\/ca\/wp-json\/wp\/v2\/types\/page"}],"author":[{"embeddable":true,"href":"https:\/\/iicbarcellona.esteri.it\/ca\/wp-json\/wp\/v2\/users\/1"}],"replies":[{"embeddable":true,"href":"https:\/\/iicbarcellona.esteri.it\/ca\/wp-json\/wp\/v2\/comments?post=110"}],"version-history":[{"count":3,"href":"https:\/\/iicbarcellona.esteri.it\/ca\/wp-json\/wp\/v2\/pages\/110\/revisions"}],"predecessor-version":[{"id":8935,"href":"https:\/\/iicbarcellona.esteri.it\/ca\/wp-json\/wp\/v2\/pages\/110\/revisions\/8935"}],"wp:attachment":[{"href":"https:\/\/iicbarcellona.esteri.it\/ca\/wp-json\/wp\/v2\/media?parent=110"}],"curies":[{"name":"wp","href":"https:\/\/api.w.org\/{rel}","templated":true}]}}