{"id":102,"date":"2023-04-03T20:56:47","date_gmt":"2023-04-03T17:56:47","guid":{"rendered":"https:\/\/iicbarcellona.esteri.it\/lingua-e-cultura\/biblioteca\/"},"modified":"2026-02-19T14:20:03","modified_gmt":"2026-02-19T11:20:03","slug":"biblioteca","status":"publish","type":"page","link":"https:\/\/iicbarcellona.esteri.it\/ca\/lingua-e-cultura\/biblioteca\/","title":{"rendered":"Biblioteca"},"content":{"rendered":"<hr \/>\n<p><span style=\"color: #ff0000;\"><strong>A causa di lavori in corso, l\u2019accesso alla biblioteca e i servizi di prestito e consultazione sono temporaneamente sospesi sino a nuova comunicazione.<\/strong><\/span><\/p>\n<p><span style=\"color: #ff0000;\"><strong>Proseguono regolarmente i servizi digitali della piattaforma MLOL.<\/strong><\/span><\/p>\n<p><span style=\"color: #ff0000;\"><strong>Vi ringraziamo per la comprensione.<\/strong><\/span><\/p>\n<hr \/>\n<p>&nbsp;<\/p>\n<p><strong><span lang=\"ES\">Biblioteca i Mediateca<\/span><\/strong><\/p>\n<hr \/>\n<p>La <strong><em>Biblioteca del IIC<\/em><\/strong> posseeix uns 19000 volums, principalment en itali\u00e0, i la mediateca m\u00e9s de 300 DVD, pel\u00b7l\u00edcules i documentals.<br \/>\nLa consulta \u00e9s gratu\u00efta en els horaris indicats:<br \/>\nDilluns i dimecres d&#8217;11.00 a 13.00<br \/>\nDimarts i dijous de 14.00 a 16.00<\/p>\n<p>El pr\u00e9stec de llibres, pel\u00b7l\u00edcules i documentals i l&#8217;acc\u00e9s a la <strong><em>Biblioteca Digital MLO<\/em><\/strong>L (<a href=\"https:\/\/www.medialibrary.it\">https:\/\/www.medialibrary.it<\/a>) estan reservats:<br \/>\n\u2022 als estudiants matriculats en els cursos de l&#8217;Institut, subjectes al pagament d&#8217;una quota d&#8217;inscripci\u00f3 anual redu\u00efda de 20 EUR<br \/>\n\u2022 a la resta d&#8217;interessats, previ pagament d&#8217;una quota d&#8217;inscripci\u00f3 anual de 40 EUR.<\/p>\n<p>El pagament nom\u00e9s es pot realitzar mitjan\u00e7ant transfer\u00e8ncia banc\u00e0ria (indicant nom i cognoms)<br \/>\n<strong>IBAN: ES72 0049 4707 5323 1606 5554<\/strong><br \/>\nInstitut Itali\u00e0 de Cultura.<br \/>\nBanc Santander \u2014 c\/Pau Claris, 157-08037 Barcelona<br \/>\n<strong>Concepte: Quota Soci IIC \u2013 (indiqueu nom i cognom)<\/strong><\/p>\n<p>La inscripci\u00f3 es formalitzar\u00e0 enviant les seg\u00fcents dades per correu electr\u00f2nic a l&#8217;adre\u00e7a: <a href=\"mailto:biblioteca.iicbarcellona@esteri.it\">biblioteca.iicbarcellona@esteri.it<\/a><br \/>\nnom i cognoms<br \/>\ne-mail i tel\u00e8fon<br \/>\ncopia del rebut de la transfer\u00e8ncia banc\u00e0ria<br \/>\nuna foto de carnet<\/p>\n<p>&nbsp;<\/p>\n<hr \/>\n<p><strong>Reglament<\/strong><\/p>\n<p>No es prestaran m\u00e9s de dos llibres alhora, per un m\u00e0xim de 30 dies. \u00c9s possible ampliar el termini de lliurament per altres 15 dies, sempre que els llibres no hagin estat sol\u00b7licitats per altres lectors.<\/p>\n<p>S&#8217;exclouen del pr\u00e9stec obres de consulta, diccionaris, manuals did\u00e0ctics, enciclop\u00e8dies, obres publicades abans de 1950 i obres d&#8217;especial valor.<\/p>\n<p>Dels pr\u00e9stecs quedaran exclosos aquells que no respectin els venciments del termini de restituci\u00f3. S&#8217;aconsella als lectors que tractin els llibres prestats amb la m\u00e0xima cura i se&#8217;ls demanar\u00e0 que paguin la quantitat en cas de p\u00e8rdua o deterioraci\u00f3 d&#8217;aquests.<\/p>\n<ol>\n<li>b. El pr\u00e9stec tamb\u00e9 es pot sol\u00b7licitar per correu electr\u00f2nic a: <a href=\"mailto:biblioteca.iicbarcellona@esteri.it\">biblioteca.iicbarcellona@esteri.it<\/a><\/li>\n<\/ol>\n<p>En l&#8217;objecte ha d&#8217;especificar: <strong>PR\u00c9STECS DE LLIBRES<\/strong><\/p>\n<p>&nbsp;<\/p>\n<p>Per a consultar el Fons de la Biblioteca: <a href=\"https:\/\/clmr.infoteca.it\/bw5ne2\/Opac.aspx?WEB=ICBL&amp;SRC=SSMP\">OPAC \u2014 Institut Itali\u00e0 de Cultura de Barcelona (infoteca.it)<\/a><\/p>\n<p>&nbsp;<\/p>\n<hr \/>\n<p>Prima pubblicazione: 1\/12\/2005 | Ultimo aggiornamento: 19\/02\/2026<\/p>\n","protected":false},"excerpt":{"rendered":"A causa di lavori in corso, l\u2019accesso alla biblioteca e i servizi di prestito e consultazione sono temporaneamente sospesi sino a nuova comunicazione. Proseguono regolarmente i servizi digitali della piattaforma MLOL. Vi ringraziamo per la comprensione. &nbsp; Biblioteca i Mediateca La Biblioteca del IIC posseeix uns 19000 volums, principalment en itali\u00e0, i la mediateca m\u00e9s [&hellip;]","protected":false},"author":1,"featured_media":0,"parent":88,"menu_order":10,"comment_status":"closed","ping_status":"closed","template":"","meta":{"footnotes":""},"class_list":["post-102","page","type-page","status-publish","hentry"],"_links":{"self":[{"href":"https:\/\/iicbarcellona.esteri.it\/ca\/wp-json\/wp\/v2\/pages\/102","targetHints":{"allow":["GET"]}}],"collection":[{"href":"https:\/\/iicbarcellona.esteri.it\/ca\/wp-json\/wp\/v2\/pages"}],"about":[{"href":"https:\/\/iicbarcellona.esteri.it\/ca\/wp-json\/wp\/v2\/types\/page"}],"author":[{"embeddable":true,"href":"https:\/\/iicbarcellona.esteri.it\/ca\/wp-json\/wp\/v2\/users\/1"}],"replies":[{"embeddable":true,"href":"https:\/\/iicbarcellona.esteri.it\/ca\/wp-json\/wp\/v2\/comments?post=102"}],"version-history":[{"count":6,"href":"https:\/\/iicbarcellona.esteri.it\/ca\/wp-json\/wp\/v2\/pages\/102\/revisions"}],"predecessor-version":[{"id":14424,"href":"https:\/\/iicbarcellona.esteri.it\/ca\/wp-json\/wp\/v2\/pages\/102\/revisions\/14424"}],"up":[{"embeddable":true,"href":"https:\/\/iicbarcellona.esteri.it\/ca\/wp-json\/wp\/v2\/pages\/88"}],"wp:attachment":[{"href":"https:\/\/iicbarcellona.esteri.it\/ca\/wp-json\/wp\/v2\/media?parent=102"}],"curies":[{"name":"wp","href":"https:\/\/api.w.org\/{rel}","templated":true}]}}