{"id":100,"date":"2023-04-03T20:52:42","date_gmt":"2023-04-03T17:52:42","guid":{"rendered":"https:\/\/iicbarcellona.esteri.it\/gli_eventi\/calendario\/"},"modified":"2024-11-04T16:34:42","modified_gmt":"2024-11-04T13:34:42","slug":"calendario","status":"publish","type":"page","link":"https:\/\/iicbarcellona.esteri.it\/ca\/gli_eventi\/calendario\/","title":{"rendered":"Esdeveniments programats"},"content":{"rendered":"        <div class=\"row\">\n\t\t\t<!-- Ricerca sedi post -->\n\t\t\t<div class=\"col-12 mt-4\">\n\t\t\t  <div class=\"callout callout-highlight note ricerca-esteri p-4\">\n                    <div class=\"callout-title\">\n                        <svg class=\"icon\">\n                            <use xlink:href=\"https:\/\/iicbarcellona.esteri.it\/wp-content\/themes\/sedi-tema\/assets\/svg\/sprites.svg#it-search\"><\/use>\n                        <\/svg>Omple els par\u00e0metres de cerca                    <\/div>\n                    <form id=\"searchFormPost\" name=\"form-search-post\" class=\"form-row align-items-center\" action=\"https:\/\/iicbarcellona.esteri.it\/ca\/wp-json\/wp\/v2\/pages\/100\/\" method=\"GET\"> \n                        <!-- <div class=\"form-group pt-5\"> -->\n                            <!-- <input type=\"hidden\" id=\"lang\" name=\"lang\" value=\"\"> --> <!-- <\/div> -->\n\n                        <div class=\"it-datepicker-wrapper\">\n                            <div class=\"row\">\n                                <div class=\"form-group col-md-6\">\n                                    <label class=\"active\" for=\"date-init\">Des de<\/label>\n                                    <input class=\"form-control\" name=\"date-init\" id=\"date-init\" type=\"date\" placeholder=\"gg\/mm\/aaaa\" value=\"\"lang=\"en-EN\">  \n                                <\/div>\n                                <div class=\"form-group col-md-6\">\n                                    <label class=\"active\" for=\"date-end\">A<\/label>\n                                    <input class=\"form-control\" name=\"date-end\" id=\"date-end\" type=\"date\" placeholder=\"gg\/mm\/aaaa\" value=\"\">\n                                <\/div>\n                            <\/div>\n                        <\/div>\n                        <div class=\"form-group col-md-12 mt-3\">\n                            <label for=\"searchText\">Camp de cerca lliure<\/label>\n                            <input type=\"text\" name=\"searchText\" class=\"form-control\" id=\"searchText\" value=\"\">\n                        <\/div>\n                        <div class=\"form-group col-md-4 offset-md-8 text-end\">\n                            <a href=\"https:\/\/iicbarcellona.esteri.it\/ca\/gli_eventi\/calendario\/\" title=\"Form reset\" id=\"resetImput\" class=\"btn btn-outline-primary btn-xs\">Reset<\/a>\n                            <button type=\"submit\" class=\"btn btn-primary btn-xs\">Ensenya resultats<\/button>\n                        <\/div>\n                    <\/form>\n\t\t\t\t<\/div>\n\t\t\t<\/div>\n\t\t<\/div>\n                    \n            <div class=\"row\">\n                            <div class=\"col-12 mt-3\">\n                <!--start card-->\n                <div class=\"card-wrapper card-space\">\n                    <div class=\"card card-bg card-big border-bottom-card\">\n                        <div class=\"card-body row\">\n                                                    <div class=\"col-sm-3\">\n                                <div class=\"img-responsive\">\n                                    <figure class=\"img-wrapper\">\n                                        <a href=\"https:\/\/iicbarcellona.esteri.it\/ca\/gli_eventi\/calendario\/aperitivi-di-architettura-italia-e-catalogna-a-confronto\/\" title=\"Llegeix l'article: APERITIVI DI ARCHITETTURA: ITALIA E CATALOGNA A CONFRONTO\">\n                                                                                            <img loading=\"lazy\" decoding=\"async\" width=\"300\" height=\"169\" src=\"https:\/\/iicbarcellona.esteri.it\/wp-content\/uploads\/2026\/02\/IIC-Aperitivi-Ap1-def-orizzontale-per-davide-300x169.png\" srcset=\"https:\/\/iicbarcellona.esteri.it\/wp-content\/uploads\/2026\/02\/IIC-Aperitivi-Ap1-def-orizzontale-per-davide.png 1920w, https:\/\/iicbarcellona.esteri.it\/wp-content\/uploads\/2026\/02\/IIC-Aperitivi-Ap1-def-orizzontale-per-davide-300x169.png 300w, https:\/\/iicbarcellona.esteri.it\/wp-content\/uploads\/2026\/02\/IIC-Aperitivi-Ap1-def-orizzontale-per-davide-1024x576.png 1024w, https:\/\/iicbarcellona.esteri.it\/wp-content\/uploads\/2026\/02\/IIC-Aperitivi-Ap1-def-orizzontale-per-davide-768x432.png 768w\" sizes=\"auto, (max-width: 1920px) 100vw, 1920px\"  title=\"IIC-Aperitivi-Ap1 def orizzontale per davide\" alt=\"\" class=\"img-fluid\">\n                                                                                    <\/a>\n                                    <\/figure>\n                                <\/div>\n                            <\/div>\n                            <div class=\"col-sm-9\">\n                                                            <div class=\"category-top\">\n                                    <span class=\"fw-bold text-success\">En curs<\/span>                                                                        <span class=\"data\">\n                                        <svg class=\"icon icon-secondary\">\n                                            <use xlink:href=\"https:\/\/iicbarcellona.esteri.it\/wp-content\/themes\/sedi-tema\/assets\/svg\/sprites.svg#it-calendar\"><\/use>\n                                        <\/svg> Dt mar\u00e7 10 2026<svg class=\"icon icon-xs icon-secondary me-1 ms-1\"><use href=\"https:\/\/iicbarcellona.esteri.it\/wp-content\/themes\/sedi-tema\/assets\/svg\/sprites.svg#it-arrow-right\"><\/use><\/svg>Dc juny 10 2026                                    <\/span>\n                                                                    <\/div>\n                            <h5 class=\"card-title big-heading text-uppercase\"><a class=\"text-body text-decoration-none\" href=\"https:\/\/iicbarcellona.esteri.it\/ca\/gli_eventi\/calendario\/aperitivi-di-architettura-italia-e-catalogna-a-confronto\/\" title=\"APERITIVI DI ARCHITETTURA: ITALIA E CATALOGNA A CONFRONTO\">APERITIVI DI ARCHITETTURA: ITALIA E CATALOGNA A CONFRONTO<\/a><\/h5>\n                            <p class=\"card-text\">En el marc del programa d\u2019esdeveniments Barcelona 2026 Capital Mundial de l\u2019Arquitectura, el Consolat General d\u2019It\u00e0lia i l\u2019Institut Itali\u00e0 de Cultura de Barcelona, en col\u00b7laboraci\u00f3 amb la Fundaci\u00f3 Mies van der Rohe i amb el suport de la Direcci\u00f3 General de Creativitat Contempor\u00e0nia del Ministeri de Cultura, proposen un projecte especial que t\u00e9 com a [&hellip;]<\/p>\n                                <a title=\"APERITIVI DI ARCHITETTURA: ITALIA E CATALOGNA A CONFRONTO\" class=\"read-more\" href=\"https:\/\/iicbarcellona.esteri.it\/ca\/gli_eventi\/calendario\/aperitivi-di-architettura-italia-e-catalogna-a-confronto\/\">\n                                    <span class=\"text\">Llegeix m\u00e9s<\/span>\n                                    <svg class=\"icon\">\n                                    <use xlink:href=\"https:\/\/iicbarcellona.esteri.it\/wp-content\/themes\/sedi-tema\/assets\/svg\/sprites.svg#it-arrow-right\"><\/use>\n                                    <\/svg>\n                                <\/a>\n                                                        <\/div>\n                                                    <\/div>\n                    <\/div>\n                <\/div>\n                <!--end card-->\n                <\/div><!-- col-12 .mt-3-->\n                            <div class=\"col-12 mt-3\">\n                <!--start card-->\n                <div class=\"card-wrapper card-space\">\n                    <div class=\"card card-bg card-big border-bottom-card\">\n                        <div class=\"card-body row\">\n                                                    <div class=\"col-sm-3\">\n                                <div class=\"img-responsive\">\n                                    <figure class=\"img-wrapper\">\n                                        <a href=\"https:\/\/iicbarcellona.esteri.it\/ca\/gli_eventi\/calendario\/xvii-festival-del-libro-dartista-e-della-piccola-edizione-2026\/\" title=\"Llegeix l'article: XVII Festival del libro d\u2019artista e della piccola edizione 2026\">\n                                                                                            <img loading=\"lazy\" decoding=\"async\" width=\"244\" height=\"300\" src=\"https:\/\/iicbarcellona.esteri.it\/wp-content\/uploads\/2026\/04\/circular-books-244x300.jpg\" srcset=\"https:\/\/iicbarcellona.esteri.it\/wp-content\/uploads\/2026\/04\/circular-books.jpg 1402w, https:\/\/iicbarcellona.esteri.it\/wp-content\/uploads\/2026\/04\/circular-books-244x300.jpg 244w, https:\/\/iicbarcellona.esteri.it\/wp-content\/uploads\/2026\/04\/circular-books-833x1024.jpg 833w, https:\/\/iicbarcellona.esteri.it\/wp-content\/uploads\/2026\/04\/circular-books-768x944.jpg 768w\" sizes=\"auto, (max-width: 1402px) 100vw, 1402px\"  title=\"circular books\" alt=\"\" class=\"img-fluid\">\n                                                                                    <\/a>\n                                    <\/figure>\n                                <\/div>\n                            <\/div>\n                            <div class=\"col-sm-9\">\n                                                            <div class=\"category-top\">\n                                    <span class=\"fw-bold text-success\">En curs<\/span>                                                                        <span class=\"data\">\n                                        <svg class=\"icon icon-secondary\">\n                                            <use xlink:href=\"https:\/\/iicbarcellona.esteri.it\/wp-content\/themes\/sedi-tema\/assets\/svg\/sprites.svg#it-calendar\"><\/use>\n                                        <\/svg> Dj abr. 23 2026                                    <\/span>\n                                                                    <\/div>\n                            <h5 class=\"card-title big-heading text-uppercase\"><a class=\"text-body text-decoration-none\" href=\"https:\/\/iicbarcellona.esteri.it\/ca\/gli_eventi\/calendario\/xvii-festival-del-libro-dartista-e-della-piccola-edizione-2026\/\" title=\"XVII Festival del libro d\u2019artista e della piccola edizione 2026\">XVII Festival del libro d\u2019artista e della piccola edizione 2026<\/a><\/h5>\n                            <p class=\"card-text\">Amb motiu del Dia Mundial del Llibre de la UNESCO i de Sant Jordi, torna el Festival del Llibre d\u2019Artista i de la Petita Edici\u00f3, promogut per Elisa Pellacani i l\u2019Associaci\u00f3 ILDE en col\u00b7laboraci\u00f3 amb el Centre C\u00edvic Pati Llimona. En la seva XVII edici\u00f3, el Festival proposa enguany un focus en els \u201cllibres circulars\u201d: [&hellip;]<\/p>\n                                <a title=\"XVII Festival del libro d\u2019artista e della piccola edizione 2026\" class=\"read-more\" href=\"https:\/\/iicbarcellona.esteri.it\/ca\/gli_eventi\/calendario\/xvii-festival-del-libro-dartista-e-della-piccola-edizione-2026\/\">\n                                    <span class=\"text\">Llegeix m\u00e9s<\/span>\n                                    <svg class=\"icon\">\n                                    <use xlink:href=\"https:\/\/iicbarcellona.esteri.it\/wp-content\/themes\/sedi-tema\/assets\/svg\/sprites.svg#it-arrow-right\"><\/use>\n                                    <\/svg>\n                                <\/a>\n                                                        <\/div>\n                                                    <\/div>\n                    <\/div>\n                <\/div>\n                <!--end card-->\n                <\/div><!-- col-12 .mt-3-->\n                            <div class=\"col-12 mt-3\">\n                <!--start card-->\n                <div class=\"card-wrapper card-space\">\n                    <div class=\"card card-bg card-big border-bottom-card\">\n                        <div class=\"card-body row\">\n                                                    <div class=\"col-sm-3\">\n                                <div class=\"img-responsive\">\n                                    <figure class=\"img-wrapper\">\n                                        <a href=\"https:\/\/iicbarcellona.esteri.it\/ca\/gli_eventi\/calendario\/firarrels\/\" title=\"Llegeix l'article: Firarrels\">\n                                                                                            <img loading=\"lazy\" decoding=\"async\" width=\"300\" height=\"282\" src=\"https:\/\/iicbarcellona.esteri.it\/wp-content\/uploads\/2026\/04\/triptic-firarrels-2026_oficial_2_compressed-2_page-0001-1-300x282.jpg\" srcset=\"https:\/\/iicbarcellona.esteri.it\/wp-content\/uploads\/2026\/04\/triptic-firarrels-2026_oficial_2_compressed-2_page-0001-1.jpg 592w, https:\/\/iicbarcellona.esteri.it\/wp-content\/uploads\/2026\/04\/triptic-firarrels-2026_oficial_2_compressed-2_page-0001-1-300x282.jpg 300w\" sizes=\"auto, (max-width: 592px) 100vw, 592px\"  title=\"triptic firarrels 2026_oficial_2_compressed (2)_page-0001 (1)\" alt=\"\" class=\"img-fluid\">\n                                                                                    <\/a>\n                                    <\/figure>\n                                <\/div>\n                            <\/div>\n                            <div class=\"col-sm-9\">\n                                                            <div class=\"category-top\">\n                                    <span class=\"fw-bold \"><\/span>                                                                        <span class=\"\">\n                                        <svg class=\"icon icon-secondary\">\n                                            <use xlink:href=\"https:\/\/iicbarcellona.esteri.it\/wp-content\/themes\/sedi-tema\/assets\/svg\/sprites.svg#it-calendar\"><\/use>\n                                        <\/svg> Dv abr. 24 2026<svg class=\"icon icon-xs icon-secondary me-1 ms-1\"><use href=\"https:\/\/iicbarcellona.esteri.it\/wp-content\/themes\/sedi-tema\/assets\/svg\/sprites.svg#it-arrow-right\"><\/use><\/svg>Dg abr. 26 2026                                    <\/span>\n                                                                    <\/div>\n                            <h5 class=\"card-title big-heading text-uppercase\"><a class=\"text-body text-decoration-none\" href=\"https:\/\/iicbarcellona.esteri.it\/ca\/gli_eventi\/calendario\/firarrels\/\" title=\"Firarrels\">Firarrels<\/a><\/h5>\n                            <p class=\"card-text\">Del 24 al 26 d\u2019abril de 2026, el municipi de Tivenys acull el festival cultural i enogastron\u00f2mic FirArrels Tivenys \u2013 It\u00e0lia 2026: el festival \u00e9s una cita cultural i enogastron\u00f2mica anual que, en aquesta edici\u00f3, est\u00e0 dedicada a la valoritzaci\u00f3 de la cultura italiana a trav\u00e9s de tradicions, m\u00fasica, gastronomia i espectacle. La programaci\u00f3 s\u2019enriqueix [&hellip;]<\/p>\n                                <a title=\"Firarrels\" class=\"read-more\" href=\"https:\/\/iicbarcellona.esteri.it\/ca\/gli_eventi\/calendario\/firarrels\/\">\n                                    <span class=\"text\">Llegeix m\u00e9s<\/span>\n                                    <svg class=\"icon\">\n                                    <use xlink:href=\"https:\/\/iicbarcellona.esteri.it\/wp-content\/themes\/sedi-tema\/assets\/svg\/sprites.svg#it-arrow-right\"><\/use>\n                                    <\/svg>\n                                <\/a>\n                                                        <\/div>\n                                                    <\/div>\n                    <\/div>\n                <\/div>\n                <!--end card-->\n                <\/div><!-- col-12 .mt-3-->\n                            <div class=\"col-12 mt-3\">\n                <!--start card-->\n                <div class=\"card-wrapper card-space\">\n                    <div class=\"card card-bg card-big border-bottom-card\">\n                        <div class=\"card-body row\">\n                                                    <div class=\"col-sm-3\">\n                                <div class=\"img-responsive\">\n                                    <figure class=\"img-wrapper\">\n                                        <a href=\"https:\/\/iicbarcellona.esteri.it\/ca\/gli_eventi\/calendario\/caffe-letterario-alcide-pierantozzi\/\" title=\"Llegeix l'article: Caff\u00e9 letterario |\u00a0Alcide Pierantozzi\">\n                                                                                            <img loading=\"lazy\" decoding=\"async\" width=\"240\" height=\"300\" src=\"https:\/\/iicbarcellona.esteri.it\/wp-content\/uploads\/2026\/03\/Club-di-lettura-240x300.png\" srcset=\"https:\/\/iicbarcellona.esteri.it\/wp-content\/uploads\/2026\/03\/Club-di-lettura.png 1080w, https:\/\/iicbarcellona.esteri.it\/wp-content\/uploads\/2026\/03\/Club-di-lettura-240x300.png 240w, https:\/\/iicbarcellona.esteri.it\/wp-content\/uploads\/2026\/03\/Club-di-lettura-819x1024.png 819w, https:\/\/iicbarcellona.esteri.it\/wp-content\/uploads\/2026\/03\/Club-di-lettura-768x960.png 768w\" sizes=\"auto, (max-width: 1080px) 100vw, 1080px\"  title=\"Club di lettura\" alt=\"\" class=\"img-fluid\">\n                                                                                    <\/a>\n                                    <\/figure>\n                                <\/div>\n                            <\/div>\n                            <div class=\"col-sm-9\">\n                                                            <div class=\"category-top\">\n                                    <span class=\"fw-bold \"><\/span>                                                                        <span class=\"\">\n                                        <svg class=\"icon icon-secondary\">\n                                            <use xlink:href=\"https:\/\/iicbarcellona.esteri.it\/wp-content\/themes\/sedi-tema\/assets\/svg\/sprites.svg#it-calendar\"><\/use>\n                                        <\/svg> Dc abr. 29 2026                                    <\/span>\n                                                                    <\/div>\n                            <h5 class=\"card-title big-heading text-uppercase\"><a class=\"text-body text-decoration-none\" href=\"https:\/\/iicbarcellona.esteri.it\/ca\/gli_eventi\/calendario\/caffe-letterario-alcide-pierantozzi\/\" title=\"Caff\u00e9 letterario |\u00a0Alcide Pierantozzi\">Caff\u00e9 letterario |\u00a0Alcide Pierantozzi<\/a><\/h5>\n                            <p class=\"card-text\">Torna la nostra cita amb l\u2019aperitiu literari, el club de lectura de l\u2019IIC, que en aquesta ocasi\u00f3 proposa la lectura de la novel\u00b7la Lo sbilico d\u2019Alcide Pierantozzi. Alcide t\u00e9 quaranta anys, a vegades encara dorm amb la seva mare, pren set pastilles al dia (cinc al mat\u00ed i dues despr\u00e9s de sopar), i \u00e9s considerat [&hellip;]<\/p>\n                                <a title=\"Caff\u00e9 letterario |\u00a0Alcide Pierantozzi\" class=\"read-more\" href=\"https:\/\/iicbarcellona.esteri.it\/ca\/gli_eventi\/calendario\/caffe-letterario-alcide-pierantozzi\/\">\n                                    <span class=\"text\">Llegeix m\u00e9s<\/span>\n                                    <svg class=\"icon\">\n                                    <use xlink:href=\"https:\/\/iicbarcellona.esteri.it\/wp-content\/themes\/sedi-tema\/assets\/svg\/sprites.svg#it-arrow-right\"><\/use>\n                                    <\/svg>\n                                <\/a>\n                                                        <\/div>\n                                                    <\/div>\n                    <\/div>\n                <\/div>\n                <!--end card-->\n                <\/div><!-- col-12 .mt-3-->\n                            <div class=\"col-12 mt-3\">\n                <!--start card-->\n                <div class=\"card-wrapper card-space\">\n                    <div class=\"card card-bg card-big border-bottom-card\">\n                        <div class=\"card-body row\">\n                                                    <div class=\"col-sm-3\">\n                                <div class=\"img-responsive\">\n                                    <figure class=\"img-wrapper\">\n                                        <a href=\"https:\/\/iicbarcellona.esteri.it\/ca\/gli_eventi\/calendario\/fem-jazz-2026\/\" title=\"Llegeix l'article: FEM JAZZ 2026\">\n                                                                                        <picture>\n                                                <source type=\"image\/webp\" srcset=\"https:\/\/iicbarcellona.esteri.it\/wp-content\/themes\/sedi-tema\/assets\/img\/img-default.webp\">\n                                                <source type=\"image\/jpg\" srcset=\"https:\/\/iicbarcellona.esteri.it\/wp-content\/themes\/sedi-tema\/assets\/img\/img-default.jpg\">\n                                                <img loading=\"lazy\" decoding=\"async\" class=\"img-fluid\" width=\"179\" height=\"125\" src=\"https:\/\/iicbarcellona.esteri.it\/wp-content\/themes\/sedi-tema\/assets\/img\/img-default.jpg\" alt=\"FEM JAZZ 2026\" title=\"FEM JAZZ 2026\">\n                                            <\/picture>\n                                                                                    <\/a>\n                                    <\/figure>\n                                <\/div>\n                            <\/div>\n                            <div class=\"col-sm-9\">\n                                                            <div class=\"category-top\">\n                                    <span class=\"fw-bold \"><\/span>                                                                        <span class=\"\">\n                                        <svg class=\"icon icon-secondary\">\n                                            <use xlink:href=\"https:\/\/iicbarcellona.esteri.it\/wp-content\/themes\/sedi-tema\/assets\/svg\/sprites.svg#it-calendar\"><\/use>\n                                        <\/svg> Ds maig 09 2026                                    <\/span>\n                                                                    <\/div>\n                            <h5 class=\"card-title big-heading text-uppercase\"><a class=\"text-body text-decoration-none\" href=\"https:\/\/iicbarcellona.esteri.it\/ca\/gli_eventi\/calendario\/fem-jazz-2026\/\" title=\"FEM JAZZ 2026\">FEM JAZZ 2026<\/a><\/h5>\n                            <p class=\"card-text\">In occasione della Giornata dell\u2019Europa, torna l\u2019appuntamento con il jazz al femminile promosso dal cluster EUNIC Barcelona insieme all\u2019Escola Superior de M\u00fasica de Catalunya, con il sostegno della Commissione Europea a Barcellona, della Diputaci\u00f3 e del Comune: sabato 9 maggio alle ore 19, nella suggestiva Pla\u00e7a del Rei, si esibir\u00e0 un ensemble di eccellenti musiciste [&hellip;]<\/p>\n                                <a title=\"FEM JAZZ 2026\" class=\"read-more\" href=\"https:\/\/iicbarcellona.esteri.it\/ca\/gli_eventi\/calendario\/fem-jazz-2026\/\">\n                                    <span class=\"text\">Llegeix m\u00e9s<\/span>\n                                    <svg class=\"icon\">\n                                    <use xlink:href=\"https:\/\/iicbarcellona.esteri.it\/wp-content\/themes\/sedi-tema\/assets\/svg\/sprites.svg#it-arrow-right\"><\/use>\n                                    <\/svg>\n                                <\/a>\n                                                        <\/div>\n                                                    <\/div>\n                    <\/div>\n                <\/div>\n                <!--end card-->\n                <\/div><!-- col-12 .mt-3-->\n            \n            <div class=\"col-md-12 mt-4 pb-4\">\n                <nav class=\"navigation col-md-12\" aria-label=\"Navigation\">\n                    <h2 class=\"screen-reader-text visually-hidden\">Paginaci\u00f3<\/h2>\n                    <div class=\"nav-links\">\n                                        <\/div>\n                <\/nav>\n            <\/div>   <!--.col-md-12 -->\n              <\/div><!--.row -->\n              \n","protected":false},"excerpt":{"rendered":"","protected":false},"author":1,"featured_media":0,"parent":98,"menu_order":0,"comment_status":"closed","ping_status":"closed","template":"","meta":{"footnotes":""},"class_list":["post-100","page","type-page","status-publish","hentry"],"_links":{"self":[{"href":"https:\/\/iicbarcellona.esteri.it\/ca\/wp-json\/wp\/v2\/pages\/100","targetHints":{"allow":["GET"]}}],"collection":[{"href":"https:\/\/iicbarcellona.esteri.it\/ca\/wp-json\/wp\/v2\/pages"}],"about":[{"href":"https:\/\/iicbarcellona.esteri.it\/ca\/wp-json\/wp\/v2\/types\/page"}],"author":[{"embeddable":true,"href":"https:\/\/iicbarcellona.esteri.it\/ca\/wp-json\/wp\/v2\/users\/1"}],"replies":[{"embeddable":true,"href":"https:\/\/iicbarcellona.esteri.it\/ca\/wp-json\/wp\/v2\/comments?post=100"}],"version-history":[{"count":2,"href":"https:\/\/iicbarcellona.esteri.it\/ca\/wp-json\/wp\/v2\/pages\/100\/revisions"}],"predecessor-version":[{"id":8502,"href":"https:\/\/iicbarcellona.esteri.it\/ca\/wp-json\/wp\/v2\/pages\/100\/revisions\/8502"}],"up":[{"embeddable":true,"href":"https:\/\/iicbarcellona.esteri.it\/ca\/wp-json\/wp\/v2\/pages\/98"}],"wp:attachment":[{"href":"https:\/\/iicbarcellona.esteri.it\/ca\/wp-json\/wp\/v2\/media?parent=100"}],"curies":[{"name":"wp","href":"https:\/\/api.w.org\/{rel}","templated":true}]}}